{"id":1020,"date":"2024-08-30T14:29:14","date_gmt":"2024-08-30T12:29:14","guid":{"rendered":"https:\/\/mairie-bouchoir.fr\/?page_id=1020"},"modified":"2024-08-30T14:29:14","modified_gmt":"2024-08-30T12:29:14","slug":"assainissement","status":"publish","type":"page","link":"https:\/\/mairie-bouchoir.fr\/?page_id=1020","title":{"rendered":"Assainissement"},"content":{"rendered":"\n<p><br>Chaque habitation doit g\u00e9rer l&rsquo;\u00e9vacuation de ses effluents mais cela doit se faire en respectant des processus pr\u00e9cis.<br>Prenez-en connaissance ci-dessous.<\/p>\n\n\n\n<p><a href=\"https:\/\/mairie-bouchoir.fr\/wp-content\/uploads\/2024\/08\/reglement-du-service-public-de-lassainissement-non-collectif-TERRE-DE-PICARDIE.pdf\">Voir le r\u00e8glement du service d&rsquo;assainissement<\/a><\/p>\n","protected":false},"excerpt":{"rendered":"<p>Chaque habitation doit g\u00e9rer l&rsquo;\u00e9vacuation de ses effluents mais cela doit se faire en respectant des processus pr\u00e9cis.Prenez-en connaissance ci-dessous. Voir le r\u00e8glement du service d&rsquo;assainissement<\/p>\n","protected":false},"author":2,"featured_media":0,"parent":0,"menu_order":0,"comment_status":"closed","ping_status":"closed","template":"onecolumn-page.php","meta":{"footnotes":""},"class_list":["post-1020","page","type-page","status-publish","hentry"],"_links":{"self":[{"href":"https:\/\/mairie-bouchoir.fr\/index.php?rest_route=\/wp\/v2\/pages\/1020","targetHints":{"allow":["GET"]}}],"collection":[{"href":"https:\/\/mairie-bouchoir.fr\/index.php?rest_route=\/wp\/v2\/pages"}],"about":[{"href":"https:\/\/mairie-bouchoir.fr\/index.php?rest_route=\/wp\/v2\/types\/page"}],"author":[{"embeddable":true,"href":"https:\/\/mairie-bouchoir.fr\/index.php?rest_route=\/wp\/v2\/users\/2"}],"replies":[{"embeddable":true,"href":"https:\/\/mairie-bouchoir.fr\/index.php?rest_route=%2Fwp%2Fv2%2Fcomments&post=1020"}],"version-history":[{"count":3,"href":"https:\/\/mairie-bouchoir.fr\/index.php?rest_route=\/wp\/v2\/pages\/1020\/revisions"}],"predecessor-version":[{"id":1023,"href":"https:\/\/mairie-bouchoir.fr\/index.php?rest_route=\/wp\/v2\/pages\/1020\/revisions\/1023"}],"wp:attachment":[{"href":"https:\/\/mairie-bouchoir.fr\/index.php?rest_route=%2Fwp%2Fv2%2Fmedia&parent=1020"}],"curies":[{"name":"wp","href":"https:\/\/api.w.org\/{rel}","templated":true}]}}