{"id":118,"date":"2023-08-29T14:51:33","date_gmt":"2023-08-29T12:51:33","guid":{"rendered":"https:\/\/mairie-bouchoir.fr\/?page_id=118"},"modified":"2023-11-27T17:43:58","modified_gmt":"2023-11-27T16:43:58","slug":"aspect-historique","status":"publish","type":"page","link":"https:\/\/mairie-bouchoir.fr\/?page_id=118","title":{"rendered":"Aspect historique"},"content":{"rendered":"\n<p><\/p>\n\n\n\n<h2 class=\"wp-block-heading\" id=\"source\">Pour conna\u00eetre le pass\u00e9 de Bouchoir\u2026<\/h2>\n\n\n\n<p>Le cadastre de Bouchoir tel qu\u2019il a \u00e9t\u00e9 \u00e9tabli dans les ann\u00e9es 1800 sous les directives de l\u2019administration Napol\u00e9onienne. <a href=\"http:\/\/localhost\/wordpress%20essai1\/index.php\/notre-village\/aspect-historique\/#cadastre\">C\u2019est ici<\/a><br><br>Une description de Bouchoir telle qu\u2019elle a \u00e9t\u00e9 r\u00e9alis\u00e9e par l\u2019Abb\u00e9 Decagny dans son livre \u00ab&nbsp;Histoire de l\u2019Arrondissement de P\u00e9ronne&nbsp;\u00bb, livre consultable sur Google Books. <a href=\"http:\/\/archives.mairie-bouchoir.fr\/Decagny.html\">C\u2019est ici<\/a><br><br>Qui est ce chanoine Paul Decagny n\u00e9 \u00e0 Nesle en 1804 pr\u00eatre du dioc\u00e8se d\u2019Amiens, chercheur et monographe picard du XIXe si\u00e8cle?. <a href=\"https:\/\/fr.wikipedia.org\/wiki\/Paul_Decagny\">Plus d\u2019informations<\/a><br><br>Une notice historique et g\u00e9ographique de Bouchoir r\u00e9dig\u00e9e par l\u2019instituteur de l\u2019\u00e9poque \u00e0 la demande du minist\u00e8re de l\u2019instruction publique en vue de l\u2019exposition universelle de 1900 <a href=\"https:\/\/archives.mairie-bouchoir.pagesperso-orange.fr\/histoire1900.html\">C\u2019est ici<\/a><\/p>\n\n\n\n<h2 class=\"wp-block-heading\" id=\"a1\">Un court r\u00e9sum\u00e9<\/h2>\n\n\n\n<p id=\"wikipedia\">Ce qui suit est extrait de Wikipedia http:\/\/fr.wikipedia.org\/wiki\/Bouchoir<\/p>\n\n\n\n<p>\u2022 1121, Ad\u00e8le de Vermandois fait donation de ce territoire \u00e0 l\u2019abbaye Saint-Corneille de Compi\u00e8gne.<br><br>\u2022 Bouchoir a \u00e9t\u00e9 rattach\u00e9e \u00e0 la paroisse d\u2019Erches jusqu\u2019au milieu du Xlle si\u00e8cle.<br><br>\u2022 La seigneurie de Bouchoir passa \u00e0 la famille de Beaufort d\u00e9pendante de celle de Mailly puis au marquisat de Nesle.<br><br>\u2022 1431, Jean Poton de Xaintrailles, ancien compagnon de Jeanne d\u2019Arc y aurait battu les Bourguignons qui ravageaient la r\u00e9gion. Dans le village, la rue du Marteloir (signifiant: lieu d\u2019un grand massacre) rappellerait cet \u00e9v\u00e9nement.<br><br>\u2022 XVIe et XVIIe si\u00e8cles, invasions espagnoles.<br><br>\u2022 1794, l\u2019existence d\u2019une \u00e9cole est attest\u00e9e \u00e0 Bouchoir.<br><br>\u2022 1814, le maire et quelques habitants voulurent r\u00e9sister aux cosaques et en arr\u00eat\u00e8rent quelques-uns. L\u2019un d\u2019eux mourut. Le 25 mars 1814, un d\u00e9tachement russe incendia le village et flagella publiquement certains habitants.<br><br>\u2022 1870-1871, le village est occup\u00e9 par l\u2019arm\u00e9e prussienne.<br><br>\u2022 1914-1918, le village fut presque totalement d\u00e9truit pendant la Grande Guerre.<\/p>\n\n\n\n<h2 class=\"wp-block-heading\" id=\"a2\">Lieux et Monuments<\/h2>\n\n\n\n<p>\u2022 \u00c9glise Saint-Pierre des XVIe et XVIIIe si\u00e8cles, reconstruite apr\u00e8s la Grande Guerre. Elle abrite une statue de la Vierge du XVIIe si\u00e8cle.<br><br>\u2022 Chapelle Notre-Dame de Gr\u00e2ce, \u00e9lev\u00e9e en 1867 par Virginie Toullet-Tronquet \u00e0 la m\u00e9moire de ses parents prot\u00e9g\u00e9s par la Vierge en 1814. Tr\u00e8s d\u00e9grad\u00e9e, cette chapelle communale est en cours de restauration gr\u00e2ce \u00e0 l\u2019action de l\u2019association, Les Amis du patrimoine de Bouchoir.<br><br>\u2022 Calvaire de la fin du XIXe si\u00e8cle, typique de la r\u00e9gion, en fer forg\u00e9.<br><br>\u2022 Monument aux morts, d\u00fb au sculpteur Lefranc de Montdidier. En marbre de Carrare, il repr\u00e9sente une femme \u2013 all\u00e9gorie de la Patrie, de la R\u00e9publique ou de la Victoire \u2013 soutenant le soldat mourant.<br><br>\u2022 Monument aux morts offert par le Comit\u00e9 am\u00e9ricain.<\/p>\n\n\n\n<p id=\"cadastre\">Le cadastre<\/p>\n\n\n\n<p>Ce qui suit provient des archives d\u00e9partementales de la Somme<br>Des liens vers le document originel sont propos\u00e9s dans cet article.<\/p>\n\n\n\n<h1 class=\"wp-block-heading\" id=\"a1\">Quand Bouchoir s\u2019appelait Bouchoire<\/h1>\n\n\n\n<h5 class=\"wp-block-heading\" id=\"a1\"><code><kbd>Ci-dessous plan par masse de cultures du 9 Juillet 1805<\/kbd><\/code><br><br><kbd>D'apr\u00e8s des \u00e9l\u00e9ments du cadastre Napol\u00e9onien<br>Document 3 P 875 aux archives d\u00e9partementales de la Somme. Suivez ce lien pour acc\u00e8s \u00e0 l'original : <\/kbd><a href=\"http:\/\/archives.somme.fr\/ark:\/58483\/a011261412640eWwD9d\">http:\/\/archives.somme.fr\/ark:\/58483\/a011261412640eWwD9d<\/a><\/h5>\n\n\n\n<p>Ce qui suit provient des archives d\u00e9partementales de la Somme<br>Des liens vers le document originel sont propos\u00e9s dans cet article.<\/p>\n\n\n\n<figure class=\"wp-block-image\"><img decoding=\"async\" src=\"http:\/\/localhost\/wordpress%20essai1\/wp-content\/uploads\/2023\/08\/2016-05-15-Bouchoire-1024x654.jpg\" alt=\"\" class=\"wp-image-89\"\/><\/figure>\n\n\n\n<p><a href=\"http:\/\/localhost\/wordpress%20essai1\/index.php\/notre-village\/aspect-historique\/#source\">Retour<\/a><\/p>\n\n\n<p>&#8211;><\/p>","protected":false},"excerpt":{"rendered":"<p>Pour conna\u00eetre le pass\u00e9 de Bouchoir\u2026 Le cadastre de Bouchoir tel qu\u2019il a \u00e9t\u00e9 \u00e9tabli dans les ann\u00e9es 1800 sous les directives de l\u2019administration Napol\u00e9onienne. C\u2019est ici Une description de Bouchoir telle qu\u2019elle a \u00e9t\u00e9 r\u00e9alis\u00e9e par l\u2019Abb\u00e9 Decagny dans &hellip; <a href=\"https:\/\/mairie-bouchoir.fr\/?page_id=118\">Continuer la lecture <span class=\"meta-nav\">&rarr;<\/span><\/a><\/p>\n","protected":false},"author":2,"featured_media":0,"parent":115,"menu_order":0,"comment_status":"closed","ping_status":"closed","template":"onecolumn-page.php","meta":{"footnotes":""},"class_list":["post-118","page","type-page","status-publish","hentry"],"_links":{"self":[{"href":"https:\/\/mairie-bouchoir.fr\/index.php?rest_route=\/wp\/v2\/pages\/118","targetHints":{"allow":["GET"]}}],"collection":[{"href":"https:\/\/mairie-bouchoir.fr\/index.php?rest_route=\/wp\/v2\/pages"}],"about":[{"href":"https:\/\/mairie-bouchoir.fr\/index.php?rest_route=\/wp\/v2\/types\/page"}],"author":[{"embeddable":true,"href":"https:\/\/mairie-bouchoir.fr\/index.php?rest_route=\/wp\/v2\/users\/2"}],"replies":[{"embeddable":true,"href":"https:\/\/mairie-bouchoir.fr\/index.php?rest_route=%2Fwp%2Fv2%2Fcomments&post=118"}],"version-history":[{"count":11,"href":"https:\/\/mairie-bouchoir.fr\/index.php?rest_route=\/wp\/v2\/pages\/118\/revisions"}],"predecessor-version":[{"id":523,"href":"https:\/\/mairie-bouchoir.fr\/index.php?rest_route=\/wp\/v2\/pages\/118\/revisions\/523"}],"up":[{"embeddable":true,"href":"https:\/\/mairie-bouchoir.fr\/index.php?rest_route=\/wp\/v2\/pages\/115"}],"wp:attachment":[{"href":"https:\/\/mairie-bouchoir.fr\/index.php?rest_route=%2Fwp%2Fv2%2Fmedia&parent=118"}],"curies":[{"name":"wp","href":"https:\/\/api.w.org\/{rel}","templated":true}]}}