{"id":42,"date":"2025-12-30T10:27:43","date_gmt":"2025-12-30T09:27:43","guid":{"rendered":"https:\/\/mairie-bouchoir.fr\/?page_id=42"},"modified":"2025-12-30T10:27:43","modified_gmt":"2025-12-30T09:27:43","slug":"les-encombrants","status":"publish","type":"page","link":"https:\/\/mairie-bouchoir.fr\/?page_id=42","title":{"rendered":"Ramassage des sacs papiers et sacs plastiques"},"content":{"rendered":"\n<p>Ne jetez ni papier, ni verre dans vos poubelles et seulement certains plastiques souill\u00e9s.<br>Pour les verres, portez-les \u00e0 la benne \u00e0 verre dispos\u00e9e au croisement entre la rue du Marteloir et la rue de la Chapelle.<br>Des sacs sont distribu\u00e9s en Mairie aux heures d&rsquo;ouverture du secr\u00e9tariat pour les papiers et les plastiques.<\/p>\n\n\n\n<p>Les plastiques et les papiers sont ramass\u00e9s le mercredi matin selon le calendrier suivant :<\/p>\n\n\n\n<figure class=\"wp-block-image size-large\"><img loading=\"lazy\" decoding=\"async\" width=\"1024\" height=\"743\" src=\"https:\/\/mairie-bouchoir.fr\/wp-content\/uploads\/2025\/12\/2025-12-21-Calendrier-encombrants-Recto-e1767086598961-1024x743.jpg\" alt=\"\" class=\"wp-image-1534\" srcset=\"https:\/\/mairie-bouchoir.fr\/wp-content\/uploads\/2025\/12\/2025-12-21-Calendrier-encombrants-Recto-e1767086598961-1024x743.jpg 1024w, https:\/\/mairie-bouchoir.fr\/wp-content\/uploads\/2025\/12\/2025-12-21-Calendrier-encombrants-Recto-e1767086598961-300x218.jpg 300w, https:\/\/mairie-bouchoir.fr\/wp-content\/uploads\/2025\/12\/2025-12-21-Calendrier-encombrants-Recto-e1767086598961-768x558.jpg 768w, https:\/\/mairie-bouchoir.fr\/wp-content\/uploads\/2025\/12\/2025-12-21-Calendrier-encombrants-Recto-e1767086598961-1536x1115.jpg 1536w, https:\/\/mairie-bouchoir.fr\/wp-content\/uploads\/2025\/12\/2025-12-21-Calendrier-encombrants-Recto-e1767086598961.jpg 1752w\" sizes=\"auto, (max-width: 1024px) 100vw, 1024px\" \/><\/figure>\n\n\n\n<figure class=\"wp-block-image size-large\"><img loading=\"lazy\" decoding=\"async\" width=\"1024\" height=\"743\" src=\"https:\/\/mairie-bouchoir.fr\/wp-content\/uploads\/2025\/12\/2025-12-21-Calendrier-encombrants-e1767086539526-1024x743.jpg\" alt=\"\" class=\"wp-image-1535\" srcset=\"https:\/\/mairie-bouchoir.fr\/wp-content\/uploads\/2025\/12\/2025-12-21-Calendrier-encombrants-e1767086539526-1024x743.jpg 1024w, https:\/\/mairie-bouchoir.fr\/wp-content\/uploads\/2025\/12\/2025-12-21-Calendrier-encombrants-e1767086539526-300x218.jpg 300w, https:\/\/mairie-bouchoir.fr\/wp-content\/uploads\/2025\/12\/2025-12-21-Calendrier-encombrants-e1767086539526-768x558.jpg 768w, https:\/\/mairie-bouchoir.fr\/wp-content\/uploads\/2025\/12\/2025-12-21-Calendrier-encombrants-e1767086539526-1536x1115.jpg 1536w, https:\/\/mairie-bouchoir.fr\/wp-content\/uploads\/2025\/12\/2025-12-21-Calendrier-encombrants-e1767086539526.jpg 1752w\" sizes=\"auto, (max-width: 1024px) 100vw, 1024px\" \/><\/figure>\n\n\n\n<figure data-wp-context=\"{&quot;imageId&quot;:&quot;69e758e9b9aca&quot;}\" data-wp-interactive=\"core\/image\" data-wp-key=\"69e758e9b9aca\" class=\"wp-block-image size-large wp-lightbox-container\"><img loading=\"lazy\" decoding=\"async\" width=\"1024\" height=\"744\" data-wp-class--hide=\"state.isContentHidden\" data-wp-class--show=\"state.isContentVisible\" data-wp-init=\"callbacks.setButtonStyles\" data-wp-on--click=\"actions.showLightbox\" data-wp-on--load=\"callbacks.setButtonStyles\" data-wp-on-window--resize=\"callbacks.setButtonStyles\" src=\"https:\/\/mairie-bouchoir.fr\/wp-content\/uploads\/2023\/12\/2023-12-22-dechetterie-2-1024x744.jpg\" alt=\"\" class=\"wp-image-602\" srcset=\"https:\/\/mairie-bouchoir.fr\/wp-content\/uploads\/2023\/12\/2023-12-22-dechetterie-2-1024x744.jpg 1024w, https:\/\/mairie-bouchoir.fr\/wp-content\/uploads\/2023\/12\/2023-12-22-dechetterie-2-300x218.jpg 300w, https:\/\/mairie-bouchoir.fr\/wp-content\/uploads\/2023\/12\/2023-12-22-dechetterie-2-768x558.jpg 768w, https:\/\/mairie-bouchoir.fr\/wp-content\/uploads\/2023\/12\/2023-12-22-dechetterie-2-1536x1115.jpg 1536w, https:\/\/mairie-bouchoir.fr\/wp-content\/uploads\/2023\/12\/2023-12-22-dechetterie-2.jpg 1800w\" sizes=\"auto, (max-width: 1024px) 100vw, 1024px\" \/><button\n\t\t\tclass=\"lightbox-trigger\"\n\t\t\ttype=\"button\"\n\t\t\taria-haspopup=\"dialog\"\n\t\t\taria-label=\"Agrandir\"\n\t\t\tdata-wp-init=\"callbacks.initTriggerButton\"\n\t\t\tdata-wp-on--click=\"actions.showLightbox\"\n\t\t\tdata-wp-style--right=\"state.imageButtonRight\"\n\t\t\tdata-wp-style--top=\"state.imageButtonTop\"\n\t\t>\n\t\t\t<svg xmlns=\"http:\/\/www.w3.org\/2000\/svg\" width=\"12\" height=\"12\" fill=\"none\" viewBox=\"0 0 12 12\">\n\t\t\t\t<path fill=\"#fff\" d=\"M2 0a2 2 0 0 0-2 2v2h1.5V2a.5.5 0 0 1 .5-.5h2V0H2Zm2 10.5H2a.5.5 0 0 1-.5-.5V8H0v2a2 2 0 0 0 2 2h2v-1.5ZM8 12v-1.5h2a.5.5 0 0 0 .5-.5V8H12v2a2 2 0 0 1-2 2H8Zm2-12a2 2 0 0 1 2 2v2h-1.5V2a.5.5 0 0 0-.5-.5H8V0h2Z\" \/>\n\t\t\t<\/svg>\n\t\t<\/button><\/figure>\n","protected":false},"excerpt":{"rendered":"<p>Ne jetez ni papier, ni verre dans vos poubelles et seulement certains plastiques souill\u00e9s.Pour les verres, portez-les \u00e0 la benne \u00e0 verre dispos\u00e9e au croisement entre la rue du Marteloir et la rue de la Chapelle.Des sacs sont distribu\u00e9s en &hellip; <a href=\"https:\/\/mairie-bouchoir.fr\/?page_id=42\">Continuer la lecture <span class=\"meta-nav\">&rarr;<\/span><\/a><\/p>\n","protected":false},"author":1,"featured_media":0,"parent":28,"menu_order":-7,"comment_status":"closed","ping_status":"closed","template":"onecolumn-page.php","meta":{"footnotes":""},"class_list":["post-42","page","type-page","status-publish","hentry"],"_links":{"self":[{"href":"https:\/\/mairie-bouchoir.fr\/index.php?rest_route=\/wp\/v2\/pages\/42","targetHints":{"allow":["GET"]}}],"collection":[{"href":"https:\/\/mairie-bouchoir.fr\/index.php?rest_route=\/wp\/v2\/pages"}],"about":[{"href":"https:\/\/mairie-bouchoir.fr\/index.php?rest_route=\/wp\/v2\/types\/page"}],"author":[{"embeddable":true,"href":"https:\/\/mairie-bouchoir.fr\/index.php?rest_route=\/wp\/v2\/users\/1"}],"replies":[{"embeddable":true,"href":"https:\/\/mairie-bouchoir.fr\/index.php?rest_route=%2Fwp%2Fv2%2Fcomments&post=42"}],"version-history":[{"count":10,"href":"https:\/\/mairie-bouchoir.fr\/index.php?rest_route=\/wp\/v2\/pages\/42\/revisions"}],"predecessor-version":[{"id":1537,"href":"https:\/\/mairie-bouchoir.fr\/index.php?rest_route=\/wp\/v2\/pages\/42\/revisions\/1537"}],"up":[{"embeddable":true,"href":"https:\/\/mairie-bouchoir.fr\/index.php?rest_route=\/wp\/v2\/pages\/28"}],"wp:attachment":[{"href":"https:\/\/mairie-bouchoir.fr\/index.php?rest_route=%2Fwp%2Fv2%2Fmedia&parent=42"}],"curies":[{"name":"wp","href":"https:\/\/api.w.org\/{rel}","templated":true}]}}