{"id":44,"date":"2023-08-25T17:45:11","date_gmt":"2023-08-25T15:45:11","guid":{"rendered":"https:\/\/mairie-bouchoir.fr\/?page_id=44"},"modified":"2023-08-29T10:13:25","modified_gmt":"2023-08-29T08:13:25","slug":"cimetiere","status":"publish","type":"page","link":"https:\/\/mairie-bouchoir.fr\/?page_id=44","title":{"rendered":"Cimeti\u00e8re"},"content":{"rendered":"\n<h2 class=\"wp-block-heading\">Tarif des concessions<\/h2>\n\n\n\n<p>Par d\u00e9lib\u00e9ration du Conseil du 20 Novembre 2020 le tarif des concessions est le suivant:<br><br>Les emplacements sont d\u00e9livr\u00e9s pour une dur\u00e9e de 50 ans renouvelable.<\/p>\n\n\n\n<p>emplacement 1.2 m x 2.5 m soit 3 m\u00b2: 150 \u20ac<br>emplacement 2.4 m x 2.5 m soit 6 m\u00b2: 300 \u20ac<br>emplacement de 1 m\u00b2 pour une cave urne : 80 \u20ac<br>emplacement dans le columbarium : 850 \u20ac<\/p>\n\n\n\n<p><a href=\"https:\/\/mairie-bouchoir.fr\/wp-content\/uploads\/2023\/08\/2022-09-29-REGLEMENT-DU-CIMETIERE-.pdf\">Voir le r\u00e8glement du cimeti\u00e8re<\/a><\/p>\n","protected":false},"excerpt":{"rendered":"<p>Tarif des concessions Par d\u00e9lib\u00e9ration du Conseil du 20 Novembre 2020 le tarif des concessions est le suivant: Les emplacements sont d\u00e9livr\u00e9s pour une dur\u00e9e de 50 ans renouvelable. emplacement 1.2 m x 2.5 m soit 3 m\u00b2: 150 \u20acemplacement &hellip; <a href=\"https:\/\/mairie-bouchoir.fr\/?page_id=44\">Continuer la lecture <span class=\"meta-nav\">&rarr;<\/span><\/a><\/p>\n","protected":false},"author":1,"featured_media":100,"parent":28,"menu_order":1,"comment_status":"closed","ping_status":"closed","template":"onecolumn-page.php","meta":{"footnotes":""},"class_list":["post-44","page","type-page","status-publish","has-post-thumbnail","hentry"],"_links":{"self":[{"href":"https:\/\/mairie-bouchoir.fr\/index.php?rest_route=\/wp\/v2\/pages\/44","targetHints":{"allow":["GET"]}}],"collection":[{"href":"https:\/\/mairie-bouchoir.fr\/index.php?rest_route=\/wp\/v2\/pages"}],"about":[{"href":"https:\/\/mairie-bouchoir.fr\/index.php?rest_route=\/wp\/v2\/types\/page"}],"author":[{"embeddable":true,"href":"https:\/\/mairie-bouchoir.fr\/index.php?rest_route=\/wp\/v2\/users\/1"}],"replies":[{"embeddable":true,"href":"https:\/\/mairie-bouchoir.fr\/index.php?rest_route=%2Fwp%2Fv2%2Fcomments&post=44"}],"version-history":[{"count":4,"href":"https:\/\/mairie-bouchoir.fr\/index.php?rest_route=\/wp\/v2\/pages\/44\/revisions"}],"predecessor-version":[{"id":103,"href":"https:\/\/mairie-bouchoir.fr\/index.php?rest_route=\/wp\/v2\/pages\/44\/revisions\/103"}],"up":[{"embeddable":true,"href":"https:\/\/mairie-bouchoir.fr\/index.php?rest_route=\/wp\/v2\/pages\/28"}],"wp:featuredmedia":[{"embeddable":true,"href":"https:\/\/mairie-bouchoir.fr\/index.php?rest_route=\/wp\/v2\/media\/100"}],"wp:attachment":[{"href":"https:\/\/mairie-bouchoir.fr\/index.php?rest_route=%2Fwp%2Fv2%2Fmedia&parent=44"}],"curies":[{"name":"wp","href":"https:\/\/api.w.org\/{rel}","templated":true}]}}