{"id":79,"date":"2023-08-26T10:46:02","date_gmt":"2023-08-26T08:46:02","guid":{"rendered":"https:\/\/mairie-bouchoir.fr\/?page_id=79"},"modified":"2023-08-26T10:46:02","modified_gmt":"2023-08-26T08:46:02","slug":"horaires-de-tonte","status":"publish","type":"page","link":"https:\/\/mairie-bouchoir.fr\/?page_id=79","title":{"rendered":"Horaires de tonte"},"content":{"rendered":"\n<p>Pour la tranquillit\u00e9 de chacun, respectez ces horaires.<\/p>\n\n\n\n<ul class=\"wp-block-list\">\n<li>Du lundi au vendredi de 8h30 \u00e0 12h et de 14h \u00e0 19H30<\/li>\n\n\n\n<li>Les samedis de 9h \u00e0 12h et de 15h \u00e0 19h<\/li>\n\n\n\n<li>Les dimanches et jours f\u00e9ri\u00e9s de l0h \u00e0 12h.<\/li>\n<\/ul>\n\n\n\n<p><\/p>\n","protected":false},"excerpt":{"rendered":"<p>Pour la tranquillit\u00e9 de chacun, respectez ces horaires.<\/p>\n","protected":false},"author":1,"featured_media":0,"parent":28,"menu_order":0,"comment_status":"closed","ping_status":"closed","template":"","meta":{"footnotes":""},"class_list":["post-79","page","type-page","status-publish","hentry"],"_links":{"self":[{"href":"https:\/\/mairie-bouchoir.fr\/index.php?rest_route=\/wp\/v2\/pages\/79","targetHints":{"allow":["GET"]}}],"collection":[{"href":"https:\/\/mairie-bouchoir.fr\/index.php?rest_route=\/wp\/v2\/pages"}],"about":[{"href":"https:\/\/mairie-bouchoir.fr\/index.php?rest_route=\/wp\/v2\/types\/page"}],"author":[{"embeddable":true,"href":"https:\/\/mairie-bouchoir.fr\/index.php?rest_route=\/wp\/v2\/users\/1"}],"replies":[{"embeddable":true,"href":"https:\/\/mairie-bouchoir.fr\/index.php?rest_route=%2Fwp%2Fv2%2Fcomments&post=79"}],"version-history":[{"count":1,"href":"https:\/\/mairie-bouchoir.fr\/index.php?rest_route=\/wp\/v2\/pages\/79\/revisions"}],"predecessor-version":[{"id":80,"href":"https:\/\/mairie-bouchoir.fr\/index.php?rest_route=\/wp\/v2\/pages\/79\/revisions\/80"}],"up":[{"embeddable":true,"href":"https:\/\/mairie-bouchoir.fr\/index.php?rest_route=\/wp\/v2\/pages\/28"}],"wp:attachment":[{"href":"https:\/\/mairie-bouchoir.fr\/index.php?rest_route=%2Fwp%2Fv2%2Fmedia&parent=79"}],"curies":[{"name":"wp","href":"https:\/\/api.w.org\/{rel}","templated":true}]}}